{"id":1076,"date":"2017-03-03T10:25:47","date_gmt":"2017-03-03T09:25:47","guid":{"rendered":"http:\/\/www.toureveque.com\/une-histoire\/"},"modified":"2020-10-16T11:16:10","modified_gmt":"2020-10-16T09:16:10","slug":"une-histoire","status":"publish","type":"page","link":"https:\/\/www.toureveque.com\/en\/une-histoire\/","title":{"rendered":"LA FAMILLE"},"content":{"rendered":"<div class=\"wpb-content-wrapper\"><p>[vc_row full_width=&#8221;stretch_row_content_no_spaces&#8221; css=&#8221;.vc_custom_1499152578605{margin-bottom: 20px !important;}&#8221;][vc_column][vc_single_image image=&#8221;1897&#8243; img_size=&#8221;full&#8221; alignment=&#8221;center&#8221;][\/vc_column][\/vc_row][vc_row full_width=&#8221;stretch_row&#8221; css=&#8221;.vc_custom_1499155766330{margin-top: 20px !important;margin-bottom: 50px !important;}&#8221;][vc_column][vc_custom_heading text=&#8221;A family from Provence&#8221; font_container=&#8221;tag:h1|font_size:30|text_align:center|color:%234d4641&#8243; google_fonts=&#8221;font_family:Libre%20Baskerville%3Aregular%2Citalic%2C700|font_style:400%20italic%3A400%3Aitalic&#8221; css=&#8221;.vc_custom_1511356988799{margin-bottom: 10px !important;}&#8221;][vc_separator color=&#8221;custom&#8221; el_width=&#8221;10&#8243; accent_color=&#8221;#e3d5c1&#8243; css=&#8221;.vc_custom_1496230297497{margin-bottom: 20px !important;}&#8221;][vc_column_text]<\/p>\n<p style=\"text-align: center;\">Native of Provence, the Sumeire family hassettled down in Trets, at the foot of mountain Sainte-Victoire, since the 13th Century<\/p>\n<p>[\/vc_column_text][\/vc_column][\/vc_row][vc_row content_placement=&#8221;middle&#8221; woss_parallax=&#8221;yes&#8221; css=&#8221;.vc_custom_1526892821970{margin-top: px !important;margin-bottom: 60px !important;}&#8221;][vc_column width=&#8221;1\/2&#8243;][vc_custom_heading text=&#8221;LA TOUR DE L&#8217;EV\u00caQUE&#8221; font_container=&#8221;tag:h1|font_size:25|text_align:center&#8221; use_theme_fonts=&#8221;yes&#8221; css=&#8221;.vc_custom_1497356479179{margin-bottom: 10px !important;}&#8221;][vc_separator color=&#8221;custom&#8221; el_width=&#8221;10&#8243; accent_color=&#8221;#e3d5c1&#8243; css=&#8221;.vc_custom_1496230297497{margin-bottom: 20px !important;}&#8221;][vc_column_text]In 1958, the Sumeire family who have owned the Font-Freye estate since 1933, acquired this large estate near Pierrefeu, within the Var<br \/>\nregion. Formerly the summer residence of the archbishops of Toulon, this property bears two names inherited from its long past. Ch\u00e2teau la Tour de l\u2019Ev\u00eaque and Ch\u00e2teau la Tour Sainte Anne. Its past belongs to the history of Provence and France. Queen Mary, Countess of Provence, gave privileges on this land to the inhabitants from the village of Cuers. The sister of King Ren\u00e9, Queen Jeanne, the Queen of Naples, is thought to have stayed there.<\/p>\n<p>At Ch\u00e2teau la Tour de l&#8217;Ev\u00eaque, visitors are welcomed by the Dolphins&#8217; fountain and its pretty water feature. It has always been said that in the old days there was no water in this estate, because when the lady of the manor&#8217;s husband left for the crusades, she poisoned the well with her tears&#8230; A few centuries later, Gabriel Sumeire, put an end to this curse. With his visionary genius, he linked the property to the fabulously abundant Font-Freye spring conveying the water by gravity to the Dolphins&#8217; fountain.<\/p>\n<p>Roger Sumeire, who has been in charge of the family estates since 1946, worked in perfect symbiosis with his father Gabriel. Works were carried out on a vast scale : hills were dug up to build dry-stone walled terraces.<\/p>\n<p>R\u00e9gine Sumeire continues the work of her family. At the end of 2010 she started a vast project of building a new cellar in order to vinify and bottle while following gravity principles. The new cellar was inaugurated for the 2011 harvest.[\/vc_column_text][\/vc_column][vc_column width=&#8221;1\/2&#8243;][vc_single_image image=&#8221;1885&#8243; img_size=&#8221;467&#215;700&#8243; alignment=&#8221;center&#8221;][\/vc_column][\/vc_row][vc_row][vc_column][vc_video link=&#8221;https:\/\/vimeo.com\/270838931&#8243; el_width=&#8221;90&#8243; align=&#8221;center&#8221;][\/vc_column][\/vc_row][vc_row content_placement=&#8221;middle&#8221; woss_parallax=&#8221;yes&#8221; css=&#8221;.vc_custom_1505334195291{margin-top: 60px !important;margin-bottom: 20px !important;}&#8221;][vc_column width=&#8221;1\/2&#8243;][vc_single_image image=&#8221;1887&#8243; img_size=&#8221;467&#215;704&#8243; alignment=&#8221;center&#8221;][\/vc_column][vc_column width=&#8221;1\/2&#8243;][vc_custom_heading text=&#8221;GABRIEL SUMEIRE (1880-1968)&#8221; font_container=&#8221;tag:h1|font_size:25|text_align:center&#8221; use_theme_fonts=&#8221;yes&#8221; css=&#8221;.vc_custom_1497356427729{margin-bottom: 10px !important;}&#8221;][vc_separator color=&#8221;custom&#8221; el_width=&#8221;10&#8243; accent_color=&#8221;#e3d5c1&#8243; css=&#8221;.vc_custom_1496230305779{margin-bottom: 20px !important;}&#8221;][vc_column_text]<\/p>\n<div class=\"eightcol\">\n<div id=\"text_1\" class=\" \" data-editable-type=\"text\" data-force-html-mode=\"false\" data-content-module-unique-id=\"\">\n<p>Gabriel Sumeire was an entrepreneur and a visionary. At 20 years old, he left Trets and created his own wine trade company in Marseille. He married a young women from Provence, Claire Delestrade. They had five children, four boys, Elie, Fernand, Raymond, Roger, and a girl, Paulette. Gabriel was then enlisted for the war. During this period, his wife was running the wine trade company, while raising the kids. As a visionary wine trader, Gabriel realized that, in order to control the quality of the wines, he needed to control their production. For this reason he acquired his first estate in 1922, la Grande Bastide, in a village close to Peynier. This was the first step of the building of a wine empire in the Var region.<\/p>\n<p>Gabriel Sumeire always had a wise vision about the future of the business : a few days before his death, in November 1968, here is the way he was talking about the modern world to his children : &#8220;the industrial mergers will also come to the farming world&#8230; I built an empire : now you have to keep it&#8221;.<\/p>\n<p>Following the death of Claire Sumeire, his wife, in 1976, the property was first divided in 1977. Roger Sumeire, the fourth and last son, received the &#8220;Ch\u00e2teau La Tour de l&#8217;Ev\u00eaque&#8221;, with his 66 hectares, as well s a part of the estate of Peynier. In 1985, he also received a part of the Domaine des Anglades, a plot called &#8220;Calignade&#8221;, of 23 Hectares of vines in Hy\u00e8res.<\/p>\n<\/div>\n<\/div>\n<p>[\/vc_column_text][\/vc_column][\/vc_row][vc_row content_placement=&#8221;middle&#8221; woss_parallax=&#8221;yes&#8221; css=&#8221;.vc_custom_1505334249098{margin-top: 60px !important;margin-bottom: 20px !important;}&#8221;][vc_column width=&#8221;1\/2&#8243;][vc_custom_heading text=&#8221;ROGER SUMEIRE&#8221; font_container=&#8221;tag:h1|font_size:25|text_align:center&#8221; use_theme_fonts=&#8221;yes&#8221; css=&#8221;.vc_custom_1497356435547{margin-bottom: 10px !important;}&#8221;][vc_separator color=&#8221;custom&#8221; el_width=&#8221;10&#8243; accent_color=&#8221;#e3d5c1&#8243; css=&#8221;.vc_custom_1496230316915{margin-bottom: 20px !important;}&#8221;][vc_column_text css=&#8221;.vc_custom_1511283836256{margin-bottom: 60px !important;}&#8221;]Roger Sumeire, one of Gabriel\u2019s five sons, was also blessed with a pioneering spirit. Roger Sumeire, who rarely lost his temper, allowed people to achieve their potential in relation to their personalities, while guiding them unobtrusively in the direction in which he wanted them to go. From 1946 onwards Roger Sumeire contributed enormously to the expansion of the vineyards.[\/vc_column_text][vc_custom_heading text=&#8221;R\u00c9GINE SUMEIRE&#8221; font_container=&#8221;tag:h1|font_size:25|text_align:center&#8221; use_theme_fonts=&#8221;yes&#8221; css=&#8221;.vc_custom_1497356442555{margin-bottom: 10px !important;}&#8221;][vc_separator color=&#8221;custom&#8221; el_width=&#8221;10&#8243; accent_color=&#8221;#e3d5c1&#8243; css=&#8221;.vc_custom_1496238112774{margin-bottom: 20px !important;}&#8221;][vc_column_text]R\u00e9gine Sumeire, the daughter of Roger Sumeire, assures the continuity of the family work. She likes to say that it is her father who taught her gestures and care of the vineyard. The same father who said to her that he had lived a working life in accordance with her grandfather and who knew how to perfectly reproduce this model with his daughter. The passion for wine-making they both instilled in R\u00e9gine Sumeire still motivates her today. She communicates her experience to her team and her nephew Pierre-Francois de Bernardi.[\/vc_column_text][\/vc_column][vc_column width=&#8221;1\/2&#8243;][vc_single_image image=&#8221;1889&#8243; img_size=&#8221;467&#215;700&#8243; alignment=&#8221;center&#8221;][\/vc_column][\/vc_row][vc_row content_placement=&#8221;middle&#8221; woss_parallax=&#8221;yes&#8221; css=&#8221;.vc_custom_1499152681132{margin-top: 40px !important;margin-bottom: 20px !important;}&#8221;][vc_column][vc_custom_heading text=&#8221;The birth of the P\u00e9tale de Rose&#8221; font_container=&#8221;tag:h1|font_size:30|text_align:center|color:%234d4641&#8243; google_fonts=&#8221;font_family:Libre%20Baskerville%3Aregular%2Citalic%2C700|font_style:400%20italic%3A400%3Aitalic&#8221; css=&#8221;.vc_custom_1511355440428{margin-bottom: 10px !important;}&#8221;][vc_separator color=&#8221;custom&#8221; el_width=&#8221;10&#8243; accent_color=&#8221;#e3d5c1&#8243; css=&#8221;.vc_custom_1496230519133{margin-bottom: 20px !important;}&#8221;][vc_column_text]Once upon a time, a young winemaker wanted to create a pale ros\u00e9 wine. She had the idea to vinify red grenache by pressing the entire grapes using a champanese press.\u00a0The resulting juice that flew from the press had a pale color. The difference was noticeable with a deeper than usual length in the mouth.\u00a0This is the way the P\u00e9tale de Rose was born in 1985, recognized as the first pale ros\u00e9 in Provence, vinified at Ch\u00e2teau Barbeyrolles. This vinification method was then used at Ch\u00e2teau la Tour de l&#8217;Ev\u00eaque to produce a cuv\u00e9e with the same name.[\/vc_column_text][\/vc_column][\/vc_row][vc_row css=&#8221;.vc_custom_1505330729590{margin-top: 20px !important;margin-bottom: 500px !important;}&#8221;][vc_column width=&#8221;2\/3&#8243;][vc_single_image image=&#8221;1891&#8243; img_size=&#8221;full&#8221; alignment=&#8221;center&#8221;][\/vc_column][vc_column width=&#8221;1\/3&#8243;][vc_single_image image=&#8221;2479&#8243; img_size=&#8221;full&#8221; alignment=&#8221;center&#8221;][\/vc_column][\/vc_row]<\/p>\n<\/div>","protected":false},"excerpt":{"rendered":"<p>[vc_row full_width=&#8221;stretch_row_content_no_spaces&#8221; css=&#8221;.vc_custom_1499152578605{margin-bottom: 20px !important;}&#8221;][vc_column][vc_single_image image=&#8221;1897&#8243; img_size=&#8221;full&#8221; alignment=&#8221;center&#8221;][\/vc_column][\/vc_row][vc_row full_width=&#8221;stretch_row&#8221; css=&#8221;.vc_custom_1499155766330{margin-top: 20px !important;margin-bottom: 50px !important;}&#8221;][vc_column][vc_custom_heading text=&#8221;A family from Provence&#8221; font_container=&#8221;tag:h1|font_size:30|text_align:center|color:%234d4641&#8243; google_fonts=&#8221;font_family:Libre%20Baskerville%3Aregular%2Citalic%2C700|font_style:400%20italic%3A400%3Aitalic&#8221; css=&#8221;.vc_custom_1511356988799{margin-bottom: 10px !important;}&#8221;][vc_separator color=&#8221;custom&#8221; el_width=&#8221;10&#8243; accent_color=&#8221;#e3d5c1&#8243; css=&#8221;.vc_custom_1496230297497{margin-bottom: 20px !important;}&#8221;][vc_column_text] Native of Provence, the Sumeire family hassettled down in Trets, at the foot of mountain Sainte-Victoire, since the 13th Century [\/vc_column_text][\/vc_column][\/vc_row][vc_row content_placement=&#8221;middle&#8221; woss_parallax=&#8221;yes&#8221; css=&#8221;.vc_custom_1526892821970{margin-top: px !important;margin-bottom: [&hellip;]<\/p>\n","protected":false},"author":1,"featured_media":0,"parent":0,"menu_order":0,"comment_status":"closed","ping_status":"closed","template":"template-home.php","meta":{"footnotes":""},"aioseo_notices":[],"_links":{"self":[{"href":"https:\/\/www.toureveque.com\/en\/wp-json\/wp\/v2\/pages\/1076"}],"collection":[{"href":"https:\/\/www.toureveque.com\/en\/wp-json\/wp\/v2\/pages"}],"about":[{"href":"https:\/\/www.toureveque.com\/en\/wp-json\/wp\/v2\/types\/page"}],"author":[{"embeddable":true,"href":"https:\/\/www.toureveque.com\/en\/wp-json\/wp\/v2\/users\/1"}],"replies":[{"embeddable":true,"href":"https:\/\/www.toureveque.com\/en\/wp-json\/wp\/v2\/comments?post=1076"}],"version-history":[{"count":13,"href":"https:\/\/www.toureveque.com\/en\/wp-json\/wp\/v2\/pages\/1076\/revisions"}],"predecessor-version":[{"id":2481,"href":"https:\/\/www.toureveque.com\/en\/wp-json\/wp\/v2\/pages\/1076\/revisions\/2481"}],"wp:attachment":[{"href":"https:\/\/www.toureveque.com\/en\/wp-json\/wp\/v2\/media?parent=1076"}],"curies":[{"name":"wp","href":"https:\/\/api.w.org\/{rel}","templated":true}]}}