{"id":4327,"date":"2023-05-27T12:42:50","date_gmt":"2023-05-27T10:42:50","guid":{"rendered":"https:\/\/www.toureveque.com\/?page_id=4327"},"modified":"2025-03-07T11:04:27","modified_gmt":"2025-03-07T10:04:27","slug":"wines","status":"publish","type":"page","link":"https:\/\/www.toureveque.com\/en\/wines\/","title":{"rendered":"Our Wines"},"content":{"rendered":"<div class=\"wpb-content-wrapper\"><p>[vc_row full_width=&#8221;stretch_row_content_no_spaces&#8221;][vc_column][vc_single_image image=&#8221;1912&#8243; img_size=&#8221;full&#8221; alignment=&#8221;center&#8221;][\/vc_column][\/vc_row][vc_row css=&#8221;.vc_custom_1499153063327{margin-top: 20px !important;}&#8221;][vc_column][vc_custom_heading text=&#8221;Les Vins du Domaine&#8221; font_container=&#8221;tag:h1|font_size:30|text_align:center|color:%234d4641&#8243; google_fonts=&#8221;font_family:Libre%20Baskerville%3Aregular%2Citalic%2C700|font_style:400%20italic%3A400%3Aitalic&#8221; css=&#8221;.vc_custom_1497356735999{margin-top: 20px !important;margin-bottom: 10px !important;}&#8221;][vc_separator color=&#8221;custom&#8221; el_width=&#8221;10&#8243; css=&#8221;.vc_custom_1496244161715{margin-top: 10px !important;margin-bottom: 20px !important;}&#8221; accent_color=&#8221;#e3d5c1&#8243;][vc_column_text css=&#8221;.vc_custom_1496244253887{margin-bottom: 50px !important;}&#8221;]<\/p>\n<p style=\"text-align: center;\">Au Ch\u00e2teau de la Tour de l&#8217;Ev\u00eaque, le terroir nous donne des vins charpent\u00e9s, min\u00e9raux, avec de la profondeur.<\/p>\n<p>[\/vc_column_text][\/vc_column][\/vc_row][vc_row full_width=&#8221;stretch_row&#8221; css=&#8221;.vc_custom_1682676995820{margin-bottom: 100px !important;}&#8221;][vc_column width=&#8221;1\/2&#8243;][vc_row_inner][vc_column_inner width=&#8221;3\/4&#8243;][vc_custom_heading text=&#8221;Gamme Sainte-Anne&#8221; font_container=&#8221;tag:h2|font_size:30|text_align:center|color:%234d4641&#8243; google_fonts=&#8221;font_family:Libre%20Baskerville%3Aregular%2Citalic%2C700|font_style:400%20italic%3A400%3Aitalic&#8221; css=&#8221;.vc_custom_1682684001419{margin-bottom: 20px !important;}&#8221;][vc_separator color=&#8221;custom&#8221; el_width=&#8221;10&#8243; css=&#8221;.vc_custom_1682683913847{margin-bottom: 25px !important;}&#8221; accent_color=&#8221;#e3d5c1&#8243;][\/vc_column_inner][vc_column_inner width=&#8221;1\/4&#8243;][\/vc_column_inner][\/vc_row_inner][vc_row_inner equal_height=&#8221;yes&#8221;][vc_column_inner width=&#8221;1\/4&#8243;][vc_single_image image=&#8221;4650&#8243; img_size=&#8221;92&#215;400&#8243; alignment=&#8221;center&#8221; onclick=&#8221;custom_link&#8221; css=&#8221;&#8221; link=&#8221;https:\/\/www.toureveque.com\/rose-sainte-anne\/&#8221;][vc_custom_heading text=&#8221;SAINTE ANNE&#8221; font_container=&#8221;tag:h2|font_size:17|text_align:center&#8221; use_theme_fonts=&#8221;yes&#8221; css=&#8221;.vc_custom_1682522776884{margin-top: 20px !important;}&#8221; el_class=&#8221;font-bold&#8221;][vc_custom_heading text=&#8221;ROS\u00c9&#8221; font_container=&#8221;tag:h2|font_size:13|text_align:center&#8221; use_theme_fonts=&#8221;yes&#8221; css=&#8221;.vc_custom_1682683768024{margin-top: 5px !important;}&#8221;][\/vc_column_inner][vc_column_inner width=&#8221;1\/4&#8243;][vc_single_image image=&#8221;4648&#8243; img_size=&#8221;92&#215;400&#8243; alignment=&#8221;center&#8221; onclick=&#8221;custom_link&#8221; css=&#8221;&#8221; link=&#8221;https:\/\/www.toureveque.com\/blanc-sainte-anne\/&#8221;][vc_custom_heading text=&#8221;SAINTE ANNE&#8221; font_container=&#8221;tag:h2|font_size:17|text_align:center&#8221; use_theme_fonts=&#8221;yes&#8221; css=&#8221;.vc_custom_1682522784620{margin-top: 20px !important;}&#8221; el_class=&#8221;font-bold&#8221;][vc_custom_heading text=&#8221;BLANC&#8221; font_container=&#8221;tag:h2|font_size:13|text_align:center&#8221; use_theme_fonts=&#8221;yes&#8221; css=&#8221;.vc_custom_1682683772477{margin-top: 5px !important;}&#8221;][\/vc_column_inner][vc_column_inner width=&#8221;1\/4&#8243;][vc_single_image image=&#8221;4652&#8243; img_size=&#8221;92&#215;400&#8243; alignment=&#8221;center&#8221; onclick=&#8221;custom_link&#8221; css=&#8221;&#8221; link=&#8221;https:\/\/www.toureveque.com\/rouge-sainte-anne\/&#8221;][vc_custom_heading text=&#8221;SAINTE ANNE&#8221; font_container=&#8221;tag:h2|font_size:17|text_align:center&#8221; use_theme_fonts=&#8221;yes&#8221; css=&#8221;.vc_custom_1682522792916{margin-top: 20px !important;}&#8221; el_class=&#8221;font-bold&#8221;][vc_custom_heading text=&#8221;ROUGE&#8221; font_container=&#8221;tag:h2|font_size:13|text_align:center&#8221; use_theme_fonts=&#8221;yes&#8221; css=&#8221;.vc_custom_1682683781662{margin-top: 5px !important;}&#8221;][\/vc_column_inner][\/vc_row_inner][\/vc_column][vc_column width=&#8221;1\/2&#8243;][vc_custom_heading text=&#8221;Gamme Classique&#8221; font_container=&#8221;tag:h2|font_size:30|text_align:center|color:%234d4641&#8243; google_fonts=&#8221;font_family:Libre%20Baskerville%3Aregular%2Citalic%2C700|font_style:400%20italic%3A400%3Aitalic&#8221; css=&#8221;.vc_custom_1681738398660{margin-bottom: 20px !important;}&#8221;][vc_separator color=&#8221;custom&#8221; el_width=&#8221;10&#8243; css=&#8221;.vc_custom_1682683923989{margin-bottom: 25px !important;}&#8221; accent_color=&#8221;#e3d5c1&#8243;][vc_row_inner][vc_column_inner width=&#8221;1\/4&#8243;][vc_single_image image=&#8221;4646&#8243; img_size=&#8221;92&#215;400&#8243; alignment=&#8221;center&#8221; onclick=&#8221;custom_link&#8221; css=&#8221;&#8221; link=&#8221;https:\/\/www.toureveque.com\/rose-petale-de-rose\/&#8221;][vc_custom_heading text=&#8221;P\u00c9TALE DE ROSE&#8221; font_container=&#8221;tag:h2|font_size:17|text_align:center&#8221; use_theme_fonts=&#8221;yes&#8221; css=&#8221;.vc_custom_1497354440443{margin-top: 20px !important;}&#8221; el_class=&#8221;font-bold&#8221;][vc_custom_heading text=&#8221;ROS\u00c9&#8221; font_container=&#8221;tag:h2|font_size:13|text_align:center&#8221; use_theme_fonts=&#8221;yes&#8221; css=&#8221;.vc_custom_1497354756626{margin-top: 5px !important;}&#8221;][\/vc_column_inner][vc_column_inner width=&#8221;1\/4&#8243;][vc_single_image image=&#8221;4640&#8243; img_size=&#8221;92&#215;400&#8243; alignment=&#8221;center&#8221; onclick=&#8221;custom_link&#8221; css=&#8221;&#8221; link=&#8221;https:\/\/www.toureveque.com\/le-blanc-de-blancs\/&#8221;][vc_custom_heading text=&#8221;TOUR DE L&#8217;EV\u00caQUE&#8221; font_container=&#8221;tag:h2|font_size:17|text_align:center&#8221; use_theme_fonts=&#8221;yes&#8221; css=&#8221;.vc_custom_1500396996579{margin-top: 20px !important;}&#8221; el_class=&#8221;font-bold&#8221;][vc_custom_heading text=&#8221;BLANC&#8221; font_container=&#8221;tag:h2|font_size:13|text_align:center&#8221; use_theme_fonts=&#8221;yes&#8221; css=&#8221;.vc_custom_1497354799699{margin-top: 5px !important;}&#8221;][\/vc_column_inner][vc_column_inner width=&#8221;1\/4&#8243;][vc_single_image image=&#8221;4642&#8243; img_size=&#8221;92&#215;400&#8243; alignment=&#8221;center&#8221; onclick=&#8221;custom_link&#8221; css=&#8221;&#8221; link=&#8221;https:\/\/www.toureveque.com\/rouge-cuvee-classique\/&#8221;][vc_custom_heading text=&#8221;TOUR DE L&#8217;EV\u00caQUE&#8221; font_container=&#8221;tag:h2|font_size:17|text_align:center&#8221; use_theme_fonts=&#8221;yes&#8221; css=&#8221;.vc_custom_1500396985148{margin-top: 20px !important;}&#8221; el_class=&#8221;font-bold&#8221;][vc_custom_heading text=&#8221;ROUGE&#8221; font_container=&#8221;tag:h2|font_size:13|text_align:center&#8221; use_theme_fonts=&#8221;yes&#8221; css=&#8221;.vc_custom_1497354813978{margin-top: 5px !important;}&#8221;][\/vc_column_inner][vc_column_inner width=&#8221;1\/4&#8243;][vc_single_image image=&#8221;4644&#8243; img_size=&#8221;92&#215;400&#8243; alignment=&#8221;center&#8221; onclick=&#8221;custom_link&#8221; css=&#8221;&#8221; link=&#8221;http:\/\/www.toureveque.com\/rouge-cuvee-noir-or\/&#8221;][vc_custom_heading text=&#8221;NOIR &amp; OR&#8221; font_container=&#8221;tag:h2|font_size:17|text_align:center&#8221; use_theme_fonts=&#8221;yes&#8221; css=&#8221;.vc_custom_1497354488002{margin-top: 20px !important;}&#8221; el_class=&#8221;font-bold&#8221;][vc_custom_heading text=&#8221;ROUGE&#8221; font_container=&#8221;tag:h2|font_size:13|text_align:center&#8221; use_theme_fonts=&#8221;yes&#8221; css=&#8221;.vc_custom_1497354825925{margin-top: 5px !important;}&#8221;][\/vc_column_inner][\/vc_row_inner][\/vc_column][\/vc_row][vc_row css=&#8221;.vc_custom_1603881534308{margin-bottom: 300px !important;}&#8221;][vc_column][vc_empty_space][vc_btn title=&#8221;Voir sur la boutique en ligne&#8221; align=&#8221;center&#8221; link=&#8221;url:https%3A%2F%2Frsvins.com%2F|&#8221;][\/vc_column][\/vc_row]<\/p>\n<\/div>","protected":false},"excerpt":{"rendered":"<p>[vc_row full_width=&#8221;stretch_row_content_no_spaces&#8221;][vc_column][vc_single_image image=&#8221;1912&#8243; img_size=&#8221;full&#8221; alignment=&#8221;center&#8221;][\/vc_column][\/vc_row][vc_row css=&#8221;.vc_custom_1499153063327{margin-top: 20px !important;}&#8221;][vc_column][vc_custom_heading text=&#8221;Les Vins du Domaine&#8221; font_container=&#8221;tag:h1|font_size:30|text_align:center|color:%234d4641&#8243; google_fonts=&#8221;font_family:Libre%20Baskerville%3Aregular%2Citalic%2C700|font_style:400%20italic%3A400%3Aitalic&#8221; css=&#8221;.vc_custom_1497356735999{margin-top: 20px !important;margin-bottom: 10px !important;}&#8221;][vc_separator color=&#8221;custom&#8221; el_width=&#8221;10&#8243; css=&#8221;.vc_custom_1496244161715{margin-top: 10px !important;margin-bottom: 20px !important;}&#8221; accent_color=&#8221;#e3d5c1&#8243;][vc_column_text css=&#8221;.vc_custom_1496244253887{margin-bottom: 50px !important;}&#8221;] Au Ch\u00e2teau de la Tour de l&#8217;Ev\u00eaque, le terroir nous donne des vins charpent\u00e9s, min\u00e9raux, avec de la profondeur. [\/vc_column_text][\/vc_column][\/vc_row][vc_row full_width=&#8221;stretch_row&#8221; css=&#8221;.vc_custom_1682676995820{margin-bottom: 100px !important;}&#8221;][vc_column width=&#8221;1\/2&#8243;][vc_row_inner][vc_column_inner [&hellip;]<\/p>\n","protected":false},"author":2,"featured_media":0,"parent":0,"menu_order":0,"comment_status":"closed","ping_status":"closed","template":"template-home.php","meta":{"footnotes":""},"aioseo_notices":[],"_links":{"self":[{"href":"https:\/\/www.toureveque.com\/en\/wp-json\/wp\/v2\/pages\/4327"}],"collection":[{"href":"https:\/\/www.toureveque.com\/en\/wp-json\/wp\/v2\/pages"}],"about":[{"href":"https:\/\/www.toureveque.com\/en\/wp-json\/wp\/v2\/types\/page"}],"author":[{"embeddable":true,"href":"https:\/\/www.toureveque.com\/en\/wp-json\/wp\/v2\/users\/2"}],"replies":[{"embeddable":true,"href":"https:\/\/www.toureveque.com\/en\/wp-json\/wp\/v2\/comments?post=4327"}],"version-history":[{"count":5,"href":"https:\/\/www.toureveque.com\/en\/wp-json\/wp\/v2\/pages\/4327\/revisions"}],"predecessor-version":[{"id":4779,"href":"https:\/\/www.toureveque.com\/en\/wp-json\/wp\/v2\/pages\/4327\/revisions\/4779"}],"wp:attachment":[{"href":"https:\/\/www.toureveque.com\/en\/wp-json\/wp\/v2\/media?parent=4327"}],"curies":[{"name":"wp","href":"https:\/\/api.w.org\/{rel}","templated":true}]}}